{"id":1102,"date":"2020-08-26T17:46:49","date_gmt":"2020-08-26T17:46:49","guid":{"rendered":"http:\/\/60d8c032f03005297.temporary.link\/stage\/?page_id=1102"},"modified":"2022-02-02T13:10:54","modified_gmt":"2022-02-02T19:10:54","slug":"lecciones","status":"publish","type":"page","link":"https:\/\/edumind.com.mx\/bt-felicidad\/lecciones\/","title":{"rendered":"Bienvenida"},"content":{"rendered":"\t\t<div data-elementor-type=\"wp-page\" data-elementor-id=\"1102\" class=\"elementor elementor-1102\" data-elementor-settings=\"[]\">\n\t\t\t\t\t\t<div class=\"elementor-inner\">\n\t\t\t\t\t\t\t<div class=\"elementor-section-wrap\">\n\t\t\t\t\t\t\t<section class=\"elementor-section elementor-top-section elementor-element elementor-element-3f35cd6 elementor-section-boxed elementor-section-height-default elementor-section-height-default\" data-id=\"3f35cd6\" data-element_type=\"section\">\n\t\t\t\t\t\t<div class=\"elementor-container elementor-column-gap-default\">\n\t\t\t\t\t\t\t<div class=\"elementor-row\">\n\t\t\t\t\t<div class=\"elementor-column elementor-col-50 elementor-top-column elementor-element elementor-element-cea72ea\" data-id=\"cea72ea\" data-element_type=\"column\">\n\t\t\t<div class=\"elementor-column-wrap elementor-element-populated\">\n\t\t\t\t\t\t\t<div class=\"elementor-widget-wrap\">\n\t\t\t\t\t\t<div class=\"elementor-element elementor-element-eff2582 elementor-widget elementor-widget-text-editor\" data-id=\"eff2582\" data-element_type=\"widget\" data-widget_type=\"text-editor.default\">\n\t\t\t\t<div class=\"elementor-widget-container\">\n\t\t\t\t\t<div class=\"elementor-text-editor elementor-clearfix\"><p>Te doy la bienvenida al curso <strong>\u201cConquista tu felicidad\u201d<\/strong>, y me da mucho gusto que hayas aceptado el reto. El curso est\u00e1 compuesto por dos partes, una te\u00f3rica y otra pr\u00e1ctica, y este curso te dar\u00e1 tanto como t\u00fa le des. Te invito a que sigas puntualmente los m\u00f3dulos y realices los ejercicios con calma y reflexionando sobre cada punto aprendido, para lograr tu meta de conquistar tu felicidad. Destina un cuaderno para hacer tus ejercicios y llevar un control de tus actividades.<\/p><\/div>\n\t\t\t\t<\/div>\n\t\t\t\t<\/div>\n\t\t\t\t\t\t<\/div>\n\t\t\t\t\t<\/div>\n\t\t<\/div>\n\t\t\t\t<div class=\"elementor-column elementor-col-50 elementor-top-column elementor-element elementor-element-41e2bea\" data-id=\"41e2bea\" data-element_type=\"column\">\n\t\t\t<div class=\"elementor-column-wrap\">\n\t\t\t\t\t\t\t<div class=\"elementor-widget-wrap\">\n\t\t\t\t\t\t\t\t<\/div>\n\t\t\t\t\t<\/div>\n\t\t<\/div>\n\t\t\t\t\t\t\t\t<\/div>\n\t\t\t\t\t<\/div>\n\t\t<\/section>\n\t\t\t\t<section class=\"elementor-section elementor-top-section elementor-element elementor-element-bb77831 elementor-section-content-top elementor-section-boxed elementor-section-height-default elementor-section-height-default\" data-id=\"bb77831\" data-element_type=\"section\">\n\t\t\t\t\t\t<div class=\"elementor-container elementor-column-gap-no\">\n\t\t\t\t\t\t\t<div class=\"elementor-row\">\n\t\t\t\t\t<div class=\"elementor-column elementor-col-100 elementor-top-column elementor-element elementor-element-98e76fe\" data-id=\"98e76fe\" data-element_type=\"column\">\n\t\t\t<div class=\"elementor-column-wrap elementor-element-populated\">\n\t\t\t\t\t\t\t<div class=\"elementor-widget-wrap\">\n\t\t\t\t\t\t<div class=\"elementor-element elementor-element-bb14725 elementor-widget elementor-widget-image\" data-id=\"bb14725\" data-element_type=\"widget\" data-widget_type=\"image.default\">\n\t\t\t\t<div class=\"elementor-widget-container\">\n\t\t\t\t\t<div class=\"elementor-image\">\n\t\t\t\t\t\t\t\t\t\t<img width=\"1024\" height=\"674\" src=\"https:\/\/edumind.com.mx\/bt-felicidad\/wp-content\/uploads\/2021\/09\/bienvenida-montanas-linea-tiempo-1024x674.jpg\" class=\"attachment-large size-large\" alt=\"\" loading=\"lazy\" srcset=\"https:\/\/edumind.com.mx\/bt-felicidad\/wp-content\/uploads\/2021\/09\/bienvenida-montanas-linea-tiempo-1024x674.jpg 1024w, https:\/\/edumind.com.mx\/bt-felicidad\/wp-content\/uploads\/2021\/09\/bienvenida-montanas-linea-tiempo-300x197.jpg 300w, https:\/\/edumind.com.mx\/bt-felicidad\/wp-content\/uploads\/2021\/09\/bienvenida-montanas-linea-tiempo-768x506.jpg 768w, https:\/\/edumind.com.mx\/bt-felicidad\/wp-content\/uploads\/2021\/09\/bienvenida-montanas-linea-tiempo-400x263.jpg 400w, https:\/\/edumind.com.mx\/bt-felicidad\/wp-content\/uploads\/2021\/09\/bienvenida-montanas-linea-tiempo.jpg 1314w\" sizes=\"(max-width: 1024px) 100vw, 1024px\" \/>\t\t\t\t\t\t\t\t\t\t\t<\/div>\n\t\t\t\t<\/div>\n\t\t\t\t<\/div>\n\t\t\t\t\t\t<\/div>\n\t\t\t\t\t<\/div>\n\t\t<\/div>\n\t\t\t\t\t\t\t\t<\/div>\n\t\t\t\t\t<\/div>\n\t\t<\/section>\n\t\t\t\t\t\t<\/div>\n\t\t\t\t\t\t<\/div>\n\t\t\t\t\t<\/div>\n\t\t","protected":false},"excerpt":{"rendered":"<p>Te doy la bienvenida al curso \u201cConquista tu felicidad\u201d, y me da mucho gusto que hayas aceptado el reto. El curso est\u00e1 compuesto por dos partes, una te\u00f3rica y otra pr\u00e1ctica, y este curso te dar\u00e1 tanto como t\u00fa le des. Te invito a que sigas puntualmente los m\u00f3dulos y realices los ejercicios con calma &hellip;<\/p>\n<p class=\"read-more\"> <a class=\"\" href=\"https:\/\/edumind.com.mx\/bt-felicidad\/lecciones\/\"> <span class=\"screen-reader-text\">Bienvenida<\/span> Leer m\u00e1s &raquo;<\/a><\/p>\n","protected":false},"author":1,"featured_media":0,"parent":0,"menu_order":0,"comment_status":"closed","ping_status":"closed","template":"","meta":[],"_links":{"self":[{"href":"https:\/\/edumind.com.mx\/bt-felicidad\/wp-json\/wp\/v2\/pages\/1102"}],"collection":[{"href":"https:\/\/edumind.com.mx\/bt-felicidad\/wp-json\/wp\/v2\/pages"}],"about":[{"href":"https:\/\/edumind.com.mx\/bt-felicidad\/wp-json\/wp\/v2\/types\/page"}],"author":[{"embeddable":true,"href":"https:\/\/edumind.com.mx\/bt-felicidad\/wp-json\/wp\/v2\/users\/1"}],"replies":[{"embeddable":true,"href":"https:\/\/edumind.com.mx\/bt-felicidad\/wp-json\/wp\/v2\/comments?post=1102"}],"version-history":[{"count":53,"href":"https:\/\/edumind.com.mx\/bt-felicidad\/wp-json\/wp\/v2\/pages\/1102\/revisions"}],"predecessor-version":[{"id":15311,"href":"https:\/\/edumind.com.mx\/bt-felicidad\/wp-json\/wp\/v2\/pages\/1102\/revisions\/15311"}],"wp:attachment":[{"href":"https:\/\/edumind.com.mx\/bt-felicidad\/wp-json\/wp\/v2\/media?parent=1102"}],"curies":[{"name":"wp","href":"https:\/\/api.w.org\/{rel}","templated":true}]}}