{"id":1418,"date":"2020-09-05T05:18:04","date_gmt":"2020-09-05T11:18:04","guid":{"rendered":"http:\/\/60d8c032f03005297.temporary.link\/stage\/?page_id=1418"},"modified":"2022-11-11T09:43:30","modified_gmt":"2022-11-11T15:43:30","slug":"comunicacion","status":"publish","type":"page","link":"https:\/\/edumind.com.mx\/bt-agente\/comunicacion\/","title":{"rendered":"Wellcoaches"},"content":{"rendered":"\t\t<div data-elementor-type=\"wp-page\" data-elementor-id=\"1418\" class=\"elementor elementor-1418\" data-elementor-settings=\"[]\">\n\t\t\t\t\t\t<div class=\"elementor-inner\">\n\t\t\t\t\t\t\t<div class=\"elementor-section-wrap\">\n\t\t\t\t\t\t\t<section class=\"elementor-section elementor-top-section elementor-element elementor-element-746b1df elementor-section-boxed elementor-section-height-default elementor-section-height-default\" data-id=\"746b1df\" data-element_type=\"section\" data-settings=\"{&quot;background_background&quot;:&quot;classic&quot;}\">\n\t\t\t\t\t\t<div class=\"elementor-container elementor-column-gap-default\">\n\t\t\t\t\t\t\t<div class=\"elementor-row\">\n\t\t\t\t\t<div class=\"elementor-column elementor-col-100 elementor-top-column elementor-element elementor-element-41d35ff\" data-id=\"41d35ff\" data-element_type=\"column\">\n\t\t\t<div class=\"elementor-column-wrap elementor-element-populated\">\n\t\t\t\t\t\t\t<div class=\"elementor-widget-wrap\">\n\t\t\t\t\t\t<div class=\"elementor-element elementor-element-f85770f elementor-widget elementor-widget-image\" data-id=\"f85770f\" data-element_type=\"widget\" data-widget_type=\"image.default\">\n\t\t\t\t<div class=\"elementor-widget-container\">\n\t\t\t\t\t<div class=\"elementor-image\">\n\t\t\t\t\t\t\t\t\t\t<img width=\"76\" height=\"40\" src=\"https:\/\/edumind.com.mx\/bt-agente\/wp-content\/uploads\/2021\/09\/triangulo-blanco.png\" class=\"attachment-large size-large\" alt=\"\" loading=\"lazy\" \/>\t\t\t\t\t\t\t\t\t\t\t<\/div>\n\t\t\t\t<\/div>\n\t\t\t\t<\/div>\n\t\t\t\t<div class=\"elementor-element elementor-element-53faf56 elementor-widget elementor-widget-text-editor\" data-id=\"53faf56\" data-element_type=\"widget\" data-widget_type=\"text-editor.default\">\n\t\t\t\t<div class=\"elementor-widget-container\">\n\t\t\t\t\t<div class=\"elementor-text-editor elementor-clearfix\"><p style=\"text-align: center;\"><span id=\"page4022R_mcid22\" class=\"markedContent\"><span dir=\"ltr\" role=\"presentation\">Recordatorio de derechos de autor<\/span><span dir=\"ltr\" role=\"presentation\">:<\/span> <span dir=\"ltr\" role=\"presentation\">Los programas y<\/span> <span dir=\"ltr\" role=\"presentation\">materiales de capacitaci<\/span><span dir=\"ltr\" role=\"presentation\">\u00f3<\/span><span dir=\"ltr\" role=\"presentation\">n propiedad de <\/span><span dir=\"ltr\" role=\"presentation\">Wellcoaches<\/span><br role=\"presentation\" \/><span dir=\"ltr\" role=\"presentation\">Corporation<\/span> <span dir=\"ltr\" role=\"presentation\">est<\/span><span dir=\"ltr\" role=\"presentation\">\u00e1<\/span><span dir=\"ltr\" role=\"presentation\">n suje<\/span><span dir=\"ltr\" role=\"presentation\">tos a la protecci<\/span><span dir=\"ltr\" role=\"presentation\">\u00f3<\/span><span dir=\"ltr\" role=\"presentation\">n de derechos de<\/span> <span dir=\"ltr\" role=\"presentation\">autor<\/span> <span dir=\"ltr\" role=\"presentation\">y s<\/span><span dir=\"ltr\" role=\"presentation\">o<\/span><span dir=\"ltr\" role=\"presentation\">lo los pueden utilizar<\/span> <span dir=\"ltr\" role=\"presentation\">los capacitadores de<\/span><br role=\"presentation\" \/><span dir=\"ltr\" role=\"presentation\">Wellcoaches <\/span><span dir=\"ltr\" role=\"presentation\">para efectos de<\/span> <span dir=\"ltr\" role=\"presentation\">capacitaci<\/span><span dir=\"ltr\" role=\"presentation\">\u00f3<\/span><span dir=\"ltr\" role=\"presentation\">n<\/span> <span dir=\"ltr\" role=\"presentation\">y educaci<\/span><span dir=\"ltr\" role=\"presentation\">\u00f3<\/span><span dir=\"ltr\" role=\"presentation\">n<\/span> <span dir=\"ltr\" role=\"presentation\">personal<\/span><span dir=\"ltr\" role=\"presentation\">.<\/span><br role=\"presentation\" \/><span dir=\"ltr\" role=\"presentation\">Queda estrictamente prohibido el uso de los materiales de<\/span> <span dir=\"ltr\" role=\"presentation\">los cursos para capacitaci<\/span><span dir=\"ltr\" role=\"presentation\">\u00f3<\/span><span dir=\"ltr\" role=\"presentation\">n grupal o<\/span> <span dir=\"ltr\" role=\"presentation\">comercial<\/span><span dir=\"ltr\" role=\"presentation\">.<\/span><\/span><\/p><\/div>\n\t\t\t\t<\/div>\n\t\t\t\t<\/div>\n\t\t\t\t\t\t<\/div>\n\t\t\t\t\t<\/div>\n\t\t<\/div>\n\t\t\t\t\t\t\t\t<\/div>\n\t\t\t\t\t<\/div>\n\t\t<\/section>\n\t\t\t\t\t\t<\/div>\n\t\t\t\t\t\t<\/div>\n\t\t\t\t\t<\/div>\n\t\t","protected":false},"excerpt":{"rendered":"<p>Recordatorio de derechos de autor: Los programas y materiales de capacitaci\u00f3n propiedad de WellcoachesCorporation est\u00e1n sujetos a la protecci\u00f3n de derechos de autor y solo los pueden utilizar los capacitadores deWellcoaches para efectos de capacitaci\u00f3n y educaci\u00f3n personal.Queda estrictamente prohibido el uso de los materiales de los cursos para capacitaci\u00f3n grupal o comercial.<\/p>\n","protected":false},"author":1,"featured_media":0,"parent":0,"menu_order":0,"comment_status":"closed","ping_status":"closed","template":"","meta":[],"_links":{"self":[{"href":"https:\/\/edumind.com.mx\/bt-agente\/wp-json\/wp\/v2\/pages\/1418"}],"collection":[{"href":"https:\/\/edumind.com.mx\/bt-agente\/wp-json\/wp\/v2\/pages"}],"about":[{"href":"https:\/\/edumind.com.mx\/bt-agente\/wp-json\/wp\/v2\/types\/page"}],"author":[{"embeddable":true,"href":"https:\/\/edumind.com.mx\/bt-agente\/wp-json\/wp\/v2\/users\/1"}],"replies":[{"embeddable":true,"href":"https:\/\/edumind.com.mx\/bt-agente\/wp-json\/wp\/v2\/comments?post=1418"}],"version-history":[{"count":53,"href":"https:\/\/edumind.com.mx\/bt-agente\/wp-json\/wp\/v2\/pages\/1418\/revisions"}],"predecessor-version":[{"id":16581,"href":"https:\/\/edumind.com.mx\/bt-agente\/wp-json\/wp\/v2\/pages\/1418\/revisions\/16581"}],"wp:attachment":[{"href":"https:\/\/edumind.com.mx\/bt-agente\/wp-json\/wp\/v2\/media?parent=1418"}],"curies":[{"name":"wp","href":"https:\/\/api.w.org\/{rel}","templated":true}]}}