{"id":1032,"date":"2020-08-25T22:58:45","date_gmt":"2020-08-25T22:58:45","guid":{"rendered":"http:\/\/60d8c032f03005297.temporary.link\/stage\/?page_id=1032"},"modified":"2023-07-03T17:40:34","modified_gmt":"2023-07-03T23:40:34","slug":"debes-saber","status":"publish","type":"page","link":"https:\/\/edumind.com.mx\/bt-agente\/debes-saber\/","title":{"rendered":"Lo que debes saber"},"content":{"rendered":"\t\t<div data-elementor-type=\"wp-page\" data-elementor-id=\"1032\" class=\"elementor elementor-1032\" data-elementor-settings=\"[]\">\n\t\t\t\t\t\t<div class=\"elementor-inner\">\n\t\t\t\t\t\t\t<div class=\"elementor-section-wrap\">\n\t\t\t\t\t\t\t<section class=\"elementor-section elementor-top-section elementor-element elementor-element-30106d7 elementor-section-boxed elementor-section-height-default elementor-section-height-default\" data-id=\"30106d7\" data-element_type=\"section\">\n\t\t\t\t\t\t<div class=\"elementor-container elementor-column-gap-default\">\n\t\t\t\t\t\t\t<div class=\"elementor-row\">\n\t\t\t\t\t<div class=\"elementor-column elementor-col-100 elementor-top-column elementor-element elementor-element-e6cbfa3\" data-id=\"e6cbfa3\" data-element_type=\"column\">\n\t\t\t<div class=\"elementor-column-wrap elementor-element-populated\">\n\t\t\t\t\t\t\t<div class=\"elementor-widget-wrap\">\n\t\t\t\t\t\t<div class=\"elementor-element elementor-element-6d64a89 elementor-widget elementor-widget-text-editor\" data-id=\"6d64a89\" data-element_type=\"widget\" data-widget_type=\"text-editor.default\">\n\t\t\t\t<div class=\"elementor-widget-container\">\n\t\t\t\t\t<div class=\"elementor-text-editor elementor-clearfix\"><p>Este curso est\u00e1 dise\u00f1ado para proporcionar las habilidades esenciales necesarias para mantener conversaciones atractivas e influyentes en casa o en el lugar de trabajo.<\/p><p>El curso incluye seis videolecciones que exploran:<\/p><p>Lecci\u00f3n 1.- Cultivar la presencia y conexi\u00f3n<br \/>Lecci\u00f3n 2.- Cultivar la autonom\u00eda<br \/>Lecci\u00f3n 3.- Cultivar la motivaci\u00f3n<br \/>Lecci\u00f3n 4.- Cultivar la positividad<br \/>Lecci\u00f3n 5.- Cultivar la auto-compasi\u00f3n\u00a0\u00a0<br \/>Lecci\u00f3n 6.- Cultivar la confianza y auto eficacia para iniciar el cambio<\/p><p>Si no puedes terminar tu lecci\u00f3n el mismo d\u00eda, toma nota del tiempo en el que te quedaste para que puedas retomarlo despu\u00e9s.<\/p><p>Una vez que hayas visto los videos, completa la evaluaci\u00f3n de conocimientos.<\/p><\/div>\n\t\t\t\t<\/div>\n\t\t\t\t<\/div>\n\t\t\t\t\t\t<\/div>\n\t\t\t\t\t<\/div>\n\t\t<\/div>\n\t\t\t\t\t\t\t\t<\/div>\n\t\t\t\t\t<\/div>\n\t\t<\/section>\n\t\t\t\t\t\t<\/div>\n\t\t\t\t\t\t<\/div>\n\t\t\t\t\t<\/div>\n\t\t","protected":false},"excerpt":{"rendered":"<p>Este curso est\u00e1 dise\u00f1ado para proporcionar las habilidades esenciales necesarias para mantener conversaciones atractivas e influyentes en casa o en el lugar de trabajo. El curso incluye seis videolecciones que exploran: Lecci\u00f3n 1.- Cultivar la presencia y conexi\u00f3nLecci\u00f3n 2.- Cultivar la autonom\u00edaLecci\u00f3n 3.- Cultivar la motivaci\u00f3nLecci\u00f3n 4.- Cultivar la positividadLecci\u00f3n 5.- Cultivar la auto-compasi\u00f3n\u00a0\u00a0Lecci\u00f3n 6.- &hellip;<\/p>\n<p class=\"read-more\"> <a class=\"\" href=\"https:\/\/edumind.com.mx\/bt-agente\/debes-saber\/\"> <span class=\"screen-reader-text\">Lo que debes saber<\/span> Leer m\u00e1s &raquo;<\/a><\/p>\n","protected":false},"author":1,"featured_media":0,"parent":0,"menu_order":0,"comment_status":"closed","ping_status":"closed","template":"","meta":[],"_links":{"self":[{"href":"https:\/\/edumind.com.mx\/bt-agente\/wp-json\/wp\/v2\/pages\/1032"}],"collection":[{"href":"https:\/\/edumind.com.mx\/bt-agente\/wp-json\/wp\/v2\/pages"}],"about":[{"href":"https:\/\/edumind.com.mx\/bt-agente\/wp-json\/wp\/v2\/types\/page"}],"author":[{"embeddable":true,"href":"https:\/\/edumind.com.mx\/bt-agente\/wp-json\/wp\/v2\/users\/1"}],"replies":[{"embeddable":true,"href":"https:\/\/edumind.com.mx\/bt-agente\/wp-json\/wp\/v2\/comments?post=1032"}],"version-history":[{"count":81,"href":"https:\/\/edumind.com.mx\/bt-agente\/wp-json\/wp\/v2\/pages\/1032\/revisions"}],"predecessor-version":[{"id":16785,"href":"https:\/\/edumind.com.mx\/bt-agente\/wp-json\/wp\/v2\/pages\/1032\/revisions\/16785"}],"wp:attachment":[{"href":"https:\/\/edumind.com.mx\/bt-agente\/wp-json\/wp\/v2\/media?parent=1032"}],"curies":[{"name":"wp","href":"https:\/\/api.w.org\/{rel}","templated":true}]}}